{"id":34,"date":"2014-03-16T18:30:58","date_gmt":"2014-03-16T16:30:58","guid":{"rendered":"http:\/\/www.tierheilpraxis-eschenbacher.de\/?page_id=34"},"modified":"2018-05-25T14:44:54","modified_gmt":"2018-05-25T12:44:54","slug":"eigenblut","status":"publish","type":"page","link":"http:\/\/www.tierheilpraxis-eschenbacher.de\/?page_id=34","title":{"rendered":"Lebensenergieberatung f\u00fcr Tiere (LEB\/T) \/ Energiearbeit"},"content":{"rendered":"<p>Nach langer Zeit habe ich Austestung und die energetische Erstellung von Therapiepl\u00e4nen wieder offiziell in mein Repertoire aufgenommen.<\/p>\n<p>Hiermit k\u00f6nnen sich Tiere wunderbar in die Grundregulation bringen und manchmal k\u00f6nnen Symptome, f\u00fcr die keine andere Therapie gefunden wird, pl\u00f6tzlich verschwinden.<\/p>\n<p>Bei einer Bioresonanzanalyse wird der Stoffwechsel und alle Organsysteme im Detail getestet und kann durch die Gabe verschiedener Mittel reguliert werden.<\/p>\n<!-- Facebook Members Plugin by Crunchify: http:\/\/Crunchify.com\/facebook-members\/ -->\n\t\t<div class=\"fb-recommendations-bar\" data-href=\"http:\/\/www.tierheilpraxis-eschenbacher.de\/?page_id=34\" data-read-time=\"5\" data-side=\"\" data-action=\"like\"><\/div>","protected":false},"excerpt":{"rendered":"<p>Nach langer Zeit habe ich Austestung und die energetische Erstellung von Therapiepl\u00e4nen wieder offiziell in mein Repertoire aufgenommen. Hiermit k\u00f6nnen sich Tiere wunderbar in die Grundregulation bringen und manchmal k\u00f6nnen Symptome, f\u00fcr die keine andere Therapie gefunden wird, pl\u00f6tzlich verschwinden. Bei einer Bioresonanzanalyse wird der Stoffwechsel und alle Organsysteme im Detail getestet und kann durch [&hellip;]<\/p>\n","protected":false},"author":1,"featured_media":0,"parent":23,"menu_order":4,"comment_status":"closed","ping_status":"closed","template":"","meta":{"footnotes":""},"tags":[],"class_list":["post-34","page","type-page","status-publish","hentry"],"aioseo_notices":[],"_links":{"self":[{"href":"http:\/\/www.tierheilpraxis-eschenbacher.de\/index.php?rest_route=\/wp\/v2\/pages\/34","targetHints":{"allow":["GET"]}}],"collection":[{"href":"http:\/\/www.tierheilpraxis-eschenbacher.de\/index.php?rest_route=\/wp\/v2\/pages"}],"about":[{"href":"http:\/\/www.tierheilpraxis-eschenbacher.de\/index.php?rest_route=\/wp\/v2\/types\/page"}],"author":[{"embeddable":true,"href":"http:\/\/www.tierheilpraxis-eschenbacher.de\/index.php?rest_route=\/wp\/v2\/users\/1"}],"replies":[{"embeddable":true,"href":"http:\/\/www.tierheilpraxis-eschenbacher.de\/index.php?rest_route=%2Fwp%2Fv2%2Fcomments&post=34"}],"version-history":[{"count":7,"href":"http:\/\/www.tierheilpraxis-eschenbacher.de\/index.php?rest_route=\/wp\/v2\/pages\/34\/revisions"}],"predecessor-version":[{"id":301,"href":"http:\/\/www.tierheilpraxis-eschenbacher.de\/index.php?rest_route=\/wp\/v2\/pages\/34\/revisions\/301"}],"up":[{"embeddable":true,"href":"http:\/\/www.tierheilpraxis-eschenbacher.de\/index.php?rest_route=\/wp\/v2\/pages\/23"}],"wp:attachment":[{"href":"http:\/\/www.tierheilpraxis-eschenbacher.de\/index.php?rest_route=%2Fwp%2Fv2%2Fmedia&parent=34"}],"wp:term":[{"taxonomy":"post_tag","embeddable":true,"href":"http:\/\/www.tierheilpraxis-eschenbacher.de\/index.php?rest_route=%2Fwp%2Fv2%2Ftags&post=34"}],"curies":[{"name":"wp","href":"https:\/\/api.w.org\/{rel}","templated":true}]}}