{"id":36,"date":"2014-03-16T18:38:55","date_gmt":"2014-03-16T16:38:55","guid":{"rendered":"http:\/\/www.tierheilpraxis-eschenbacher.de\/?page_id=36"},"modified":"2015-10-20T11:27:27","modified_gmt":"2015-10-20T09:27:27","slug":"natural-horsemanship-gymnastizierung-des-pferdes","status":"publish","type":"page","link":"http:\/\/www.tierheilpraxis-eschenbacher.de\/?page_id=36","title":{"rendered":"Pferde, Natural Horsemanship &#038; Training"},"content":{"rendered":"<p><strong>\u00a0Bodenarbeit &amp; Gymnastizierung f\u00fcr Pferde<\/strong><\/p>\n<p><a href=\"http:\/\/www.tierheilpraxis-eschenbacher.de\/wp-content\/uploads\/2014\/03\/Sisco-Bodenarbeit.jpg\"><img loading=\"lazy\" decoding=\"async\" class=\"alignleft wp-image-47 size-medium\" src=\"http:\/\/www.tierheilpraxis-eschenbacher.de\/wp-content\/uploads\/2014\/03\/Sisco-Bodenarbeit-300x235.jpg\" alt=\"Sisco Bodenarbeit\" width=\"300\" height=\"235\" srcset=\"http:\/\/www.tierheilpraxis-eschenbacher.de\/wp-content\/uploads\/2014\/03\/Sisco-Bodenarbeit-300x235.jpg 300w, http:\/\/www.tierheilpraxis-eschenbacher.de\/wp-content\/uploads\/2014\/03\/Sisco-Bodenarbeit.jpg 720w\" sizes=\"auto, (max-width: 300px) 100vw, 300px\" \/><\/a><\/p>\n<p>M\u00f6chtest Du ein besseres Verh\u00e4ltnis zu Deinem Pferd?<\/p>\n<p>M\u00f6chtest Du, dass Dein Pferd frei bei Dir bleibt?<\/p>\n<p>Gerne bringe ich Dir die Grundlagen f\u00fcr einen fairen Umgang, pferdegerechtes und gesunderhaltendes Training mit Deinem eigenen Pferd bei, um gegenseitiges Vertrauen, Respekt, Aufmerksamkeit und Verst\u00e4ndnis aufzubauen und zu st\u00e4rken. Ich arbeite mit einer Weiterentwicklung des &#8222;Natural Horsemanship&#8220;, welches von Honza Bl\u00e1ha entwickelt wurde. Bei meiner Arbeit mit den Pferden steht Sicherheit und Freude im Vordergrund.<\/p>\n<p>Ich habe durch langj\u00e4hrige Erfahrung und fr\u00fcherer Probleme mit meinem eigenen Pferd gelernt, dass der Weg mit dem Pferd bei uns selbst anf\u00e4ngt. Um Harmonie und fairen und nat\u00fcrlichen Umgang mit dem Pferd zu erreichen, m\u00fcssen wir an uns arbeiten, uns vieles bewusst machen und immer an uns arbeiten.<\/p>\n<p>Ich arbeite vor allem nach der Lehre &#8222;Line Free Collection&#8220; von Honza Bl\u00e1ha, der es geschafft hat, mir zu lehren, wie man die Verbindung zu seinem Pferd nachhaltig verbessert und mir den Weg zu zeigen, dass mein Pferd frei bei mir bleiben m\u00f6chte.<\/p>\n<p><span style=\"line-height: 1.5em;\">Auch nach Standzeiten des Pferdes und in der Rekonvaleszenz ist Arbeiten vom Boden aus gut geeignet, um das Pferd wieder auf die Arbeit unter dem Sattel vorzubereiten und aufzubauen.<\/span><\/p>\n<p><span style=\"line-height: 1.5em;\">Auch im Bereich der Bodenarbeit und des Reitens bilde ich mich st\u00e4ndig fort und nehme an Fortbildungen und Kursen bekannter Trainer zu Natural Horsemanship, Natural Riding, Liberty, Westernreiten und Sitzschulung teil.<\/span><\/p>\n<p>Gerne komme ich zu Ihnen\/Dir und Ihrem\/Deinem Pferd und begleite Euch auf dem Weg zu mehr gegenseitigem Vertrauen und Harmonie miteinander.<img loading=\"lazy\" decoding=\"async\" class=\"alignright wp-image-158 size-full\" src=\"http:\/\/www.tierheilpraxis-eschenbacher.de\/wp-content\/uploads\/2014\/03\/2014-03-Sisco-Bodenarbeit-klein.jpg\" alt=\"2014-03 Sisco Bodenarbeit klein\" width=\"300\" height=\"231\" \/><\/p>\n<p>Meine Leistungen im \u00dcberblick<br \/>\nNatural Horsemanship &#8211; Bodenarbeit und Reiten &#8211; Sitzschulung<\/p>\n<p>Einzelunterricht bzw. 2 Teilnehmer: 50,- EUR<br \/>\nGruppenunterricht 3 Teilnehmer: 75,- EUR<\/p>\n<p>Termine nach Absprache.<\/p>\n<p>Falls Du einen Kurse in Deinem Stall mit mir organisieren m\u00f6chtest, kannst Du Dich gerne bei mir melden.<\/p>\n<p>&nbsp;<\/p>\n<!-- Facebook Members Plugin by Crunchify: http:\/\/Crunchify.com\/facebook-members\/ -->\n\t\t<div class=\"fb-recommendations-bar\" data-href=\"http:\/\/www.tierheilpraxis-eschenbacher.de\/?page_id=36\" data-read-time=\"5\" data-side=\"\" data-action=\"like\"><\/div>","protected":false},"excerpt":{"rendered":"<p>\u00a0Bodenarbeit &amp; Gymnastizierung f\u00fcr Pferde M\u00f6chtest Du ein besseres Verh\u00e4ltnis zu Deinem Pferd? M\u00f6chtest Du, dass Dein Pferd frei bei Dir bleibt? Gerne bringe ich Dir die Grundlagen f\u00fcr einen fairen Umgang, pferdegerechtes und gesunderhaltendes Training mit Deinem eigenen Pferd bei, um gegenseitiges Vertrauen, Respekt, Aufmerksamkeit und Verst\u00e4ndnis aufzubauen und zu st\u00e4rken. Ich arbeite mit [&hellip;]<\/p>\n","protected":false},"author":1,"featured_media":0,"parent":0,"menu_order":10,"comment_status":"closed","ping_status":"closed","template":"","meta":{"footnotes":""},"tags":[],"class_list":["post-36","page","type-page","status-publish","hentry"],"aioseo_notices":[],"_links":{"self":[{"href":"http:\/\/www.tierheilpraxis-eschenbacher.de\/index.php?rest_route=\/wp\/v2\/pages\/36","targetHints":{"allow":["GET"]}}],"collection":[{"href":"http:\/\/www.tierheilpraxis-eschenbacher.de\/index.php?rest_route=\/wp\/v2\/pages"}],"about":[{"href":"http:\/\/www.tierheilpraxis-eschenbacher.de\/index.php?rest_route=\/wp\/v2\/types\/page"}],"author":[{"embeddable":true,"href":"http:\/\/www.tierheilpraxis-eschenbacher.de\/index.php?rest_route=\/wp\/v2\/users\/1"}],"replies":[{"embeddable":true,"href":"http:\/\/www.tierheilpraxis-eschenbacher.de\/index.php?rest_route=%2Fwp%2Fv2%2Fcomments&post=36"}],"version-history":[{"count":21,"href":"http:\/\/www.tierheilpraxis-eschenbacher.de\/index.php?rest_route=\/wp\/v2\/pages\/36\/revisions"}],"predecessor-version":[{"id":274,"href":"http:\/\/www.tierheilpraxis-eschenbacher.de\/index.php?rest_route=\/wp\/v2\/pages\/36\/revisions\/274"}],"wp:attachment":[{"href":"http:\/\/www.tierheilpraxis-eschenbacher.de\/index.php?rest_route=%2Fwp%2Fv2%2Fmedia&parent=36"}],"wp:term":[{"taxonomy":"post_tag","embeddable":true,"href":"http:\/\/www.tierheilpraxis-eschenbacher.de\/index.php?rest_route=%2Fwp%2Fv2%2Ftags&post=36"}],"curies":[{"name":"wp","href":"https:\/\/api.w.org\/{rel}","templated":true}]}}